{"id":1353,"date":"2026-02-09T12:53:27","date_gmt":"2026-02-09T11:53:27","guid":{"rendered":"http:\/\/www.psnlz.ch\/?page_id=1353"},"modified":"2026-02-09T12:52:27","modified_gmt":"2026-02-09T11:52:27","slug":"schulrat","status":"publish","type":"page","link":"https:\/\/www.psnlz.ch\/index.php\/schulrat\/","title":{"rendered":"Schulrat &#038; Verwaltung"},"content":{"rendered":"<p>[et_pb_section bb_built=&#8220;1&#8243; _builder_version=&#8220;3.18.7&#8243; background_image=&#8220;http:\/\/www.psnlz.ch\/wp-content\/uploads\/2019\/05\/psnlz_BG_2000.jpg&#8220; background_position=&#8220;top_left&#8220; background_repeat=&#8220;repeat&#8220; background_size=&#8220;initial&#8220;][et_pb_row _builder_version=&#8220;3.18.7&#8243; background_color=&#8220;#93ab14&#8243; custom_padding=&#8220;|20px||20px&#8220; border_radii=&#8220;|10px|10px|0px|0px&#8220;][et_pb_column type=&#8220;4_4&#8243;][et_pb_text admin_label=&#8220;Schulrat&#8220; _builder_version=&#8220;3.18.7&#8243; text_font=&#8220;|700|||||||&#8220; text_text_color=&#8220;#000000&#8243; header_font=&#8220;|700|||||||&#8220; header_text_color=&#8220;#000000&#8243;]<\/p>\n<h1>Schulrat<\/h1>\n<p>[\/et_pb_text][\/et_pb_column][\/et_pb_row][et_pb_row _builder_version=&#8220;3.18.7&#8243; background_color=&#8220;#ffffff&#8220; custom_padding=&#8220;|20px||20px&#8220;][et_pb_column type=&#8220;4_4&#8243;][et_pb_image _builder_version=&#8220;3.18.7&#8243; force_fullwidth=&#8220;on&#8220; \/][et_pb_text _builder_version=&#8220;3.18.7&#8243; \/][\/et_pb_column][\/et_pb_row][et_pb_row _builder_version=&#8220;3.18.7&#8243; background_color=&#8220;#ffffff&#8220; custom_padding=&#8220;|20px||20px&#8220;][et_pb_column type=&#8220;1_2&#8243;][et_pb_text admin_label=&#8220;Fabienne St\u00e4helin&#8220; _builder_version=&#8220;3.18.7&#8243;]<\/p>\n<p><strong>Fabienne St\u00e4helin<\/strong><br \/>Schulratspr\u00e4sidentin<br \/><a href=\"fabienne.staehelin@niederhelfenschwil.ch\">fabienne<\/a><a href=\"mailto: fabienne.staehelin@niederhelfenschwil.ch\">.staehelin@niederhelfenschwil.ch<\/a><\/p>\n<p>[\/et_pb_text][\/et_pb_column][et_pb_column type=&#8220;1_2&#8243;][et_pb_image _builder_version=&#8220;3.18.7&#8243; src=&#8220;http:\/\/www.psnlz.ch\/wp-content\/uploads\/2023\/05\/Fabienne-Staehelin-scaled.jpg&#8220; max_width=&#8220;50%&#8220; \/][\/et_pb_column][\/et_pb_row][et_pb_row _builder_version=&#8220;3.18.7&#8243; background_color=&#8220;#ffffff&#8220; custom_padding=&#8220;|20px||20px&#8220;][et_pb_column type=&#8220;1_2&#8243;][et_pb_text admin_label=&#8220;Simon Hofacher&#8220; _builder_version=&#8220;3.18.7&#8243; background_color=&#8220;#ffffff&#8220; saved_tabs=&#8220;all&#8220; text_text_color=&#8220;#000000&#8243;]<\/p>\n<p><strong>Simon Hofacher<\/strong><br \/>Vizepr\u00e4sident \/ Delegierter Musikschule Wil-Land\u00a0<br \/><a href=\"mailto:simon.hofacher@psnlz.ch\">simon.hofacher@psnlz.ch<\/a><\/p>\n<p>[\/et_pb_text][\/et_pb_column][et_pb_column type=&#8220;1_2&#8243;][et_pb_image _builder_version=&#8220;3.18.7&#8243; src=&#8220;http:\/\/www.psnlz.ch\/wp-content\/uploads\/2023\/05\/Simon-Hofacher-scaled.jpg&#8220; max_width=&#8220;50%&#8220; \/][\/et_pb_column][\/et_pb_row][et_pb_row _builder_version=&#8220;3.18.7&#8243; background_color=&#8220;#ffffff&#8220; custom_padding=&#8220;|20px||20px&#8220;][et_pb_column type=&#8220;1_2&#8243;][et_pb_text admin_label=&#8220;Roland Zwick&#8220; _builder_version=&#8220;3.18.7&#8243;]<\/p>\n<p><strong>Roland Zwick<\/strong><br \/>Liegenschaften: grosser Unterhalt, Projekte<br \/><a href=\"mailto:roland.zwick@psnlz.ch\">roland.zwick@psnlz.ch<\/a><\/p>\n<p>[\/et_pb_text][\/et_pb_column][et_pb_column type=&#8220;1_2&#8243;][et_pb_image _builder_version=&#8220;3.18.7&#8243; src=&#8220;http:\/\/www.psnlz.ch\/wp-content\/uploads\/2023\/05\/Roland-Zwick-scaled.jpg&#8220; max_width=&#8220;50%&#8220; \/][\/et_pb_column][\/et_pb_row][et_pb_row _builder_version=&#8220;3.18.7&#8243; background_color=&#8220;#ffffff&#8220; custom_padding=&#8220;|20px||20px&#8220;][et_pb_column type=&#8220;1_2&#8243;][et_pb_text admin_label=&#8220;Samuel Wild&#8220; _builder_version=&#8220;3.18.7&#8243;]<\/p>\n<p><strong>Samuel Wild<\/strong><br \/>Verantwortlicher Informatik<br \/><a href=\"mailto:samuel.wild@psnlz.ch\">samuel.wild@psnlz.ch<\/a><\/p>\n<p>[\/et_pb_text][\/et_pb_column][et_pb_column type=&#8220;1_2&#8243;][et_pb_image _builder_version=&#8220;3.18.7&#8243; src=&#8220;http:\/\/www.psnlz.ch\/wp-content\/uploads\/2025\/02\/2-scaled.jpg&#8220; max_width=&#8220;50%&#8220; \/][\/et_pb_column][\/et_pb_row][et_pb_row _builder_version=&#8220;3.18.7&#8243; background_color=&#8220;#ffffff&#8220; custom_padding=&#8220;|20px||20px&#8220;][et_pb_column type=&#8220;1_2&#8243;][et_pb_text admin_label=&#8220;Miranda Zahner&#8220; _builder_version=&#8220;3.18.7&#8243;]<\/p>\n<p><strong>Miranda Zahner<\/strong><br \/>F\u00f6rdernde Massnahmen<br \/><a href=\"mailto:miranda.zahner@psnlz.ch\">miranda.zahner@psnlz.ch<\/a>\u00a0<\/p>\n<p>[\/et_pb_text][\/et_pb_column][et_pb_column type=&#8220;1_2&#8243;][et_pb_image _builder_version=&#8220;3.18.7&#8243; src=&#8220;http:\/\/www.psnlz.ch\/wp-content\/uploads\/2026\/02\/Miranda-Zahner-scaled.jpg&#8220; max_width=&#8220;50%&#8220; \/][\/et_pb_column][\/et_pb_row][et_pb_row _builder_version=&#8220;3.18.7&#8243; background_color=&#8220;#ffffff&#8220; custom_padding=&#8220;|20px||20px&#8220; custom_margin=&#8220;30px|||&#8220;][et_pb_column type=&#8220;1_2&#8243;][et_pb_text admin_label=&#8220;Schulverwaltung&#8220; _builder_version=&#8220;3.18.7&#8243; background_color=&#8220;#ffffff&#8220; saved_tabs=&#8220;all&#8220; text_text_color=&#8220;#000000&#8243;]<\/p>\n<h2><strong>Schulverwaltung\u00a0<\/strong><\/h2>\n<p><strong>Karin Hardegger<br \/><\/strong>Schulverwaltung Niederhelfenschwil<br \/>Oberdorf 10<br \/>9527 Niederhelfenschwil<\/p>\n<p><a href=\"mailto:romana.brasser@niederhelfenschwil.ch\">karin.hardegger@niederhelfenschwil.ch<\/a><br \/><a href=\"tel:+41584586208\">+41 58 458 62 08<\/a><\/p>\n<p>Abwesenheit: Mittwoch<\/p>\n<p>[\/et_pb_text][\/et_pb_column][et_pb_column type=&#8220;1_2&#8243;][et_pb_image _builder_version=&#8220;3.18.7&#8243; max_width=&#8220;50%&#8220; src=&#8220;http:\/\/www.psnlz.ch\/wp-content\/uploads\/2026\/02\/Karin-Hardegger-scaled.jpg&#8220; \/][\/et_pb_column][\/et_pb_row][\/et_pb_section]<\/p>\n","protected":false},"excerpt":{"rendered":"<p>[et_pb_section bb_built=&#8220;1&#8243; _builder_version=&#8220;3.18.7&#8243; background_image=&#8220;http:\/\/www.psnlz.ch\/wp-content\/uploads\/2019\/05\/psnlz_BG_2000.jpg&#8220; background_position=&#8220;top_left&#8220; background_repeat=&#8220;repeat&#8220; background_size=&#8220;initial&#8220;][et_pb_row _builder_version=&#8220;3.18.7&#8243; background_color=&#8220;#93ab14&#8243; custom_padding=&#8220;|20px||20px&#8220; border_radii=&#8220;|10px|10px|0px|0px&#8220;][et_pb_column type=&#8220;4_4&#8243;][et_pb_text admin_label=&#8220;Schulrat&#8220; _builder_version=&#8220;3.18.7&#8243; text_font=&#8220;|700|||||||&#8220; text_text_color=&#8220;#000000&#8243; header_font=&#8220;|700|||||||&#8220; header_text_color=&#8220;#000000&#8243;] Schulrat [\/et_pb_text][\/et_pb_column][\/et_pb_row][et_pb_row _builder_version=&#8220;3.18.7&#8243; background_color=&#8220;#ffffff&#8220; custom_padding=&#8220;|20px||20px&#8220;][et_pb_column type=&#8220;4_4&#8243;][et_pb_image _builder_version=&#8220;3.18.7&#8243; force_fullwidth=&#8220;on&#8220; \/][et_pb_text _builder_version=&#8220;3.18.7&#8243; \/][\/et_pb_column][\/et_pb_row][et_pb_row _builder_version=&#8220;3.18.7&#8243; background_color=&#8220;#ffffff&#8220; custom_padding=&#8220;|20px||20px&#8220;][et_pb_column type=&#8220;1_2&#8243;][et_pb_text admin_label=&#8220;Fabienne St\u00e4helin&#8220; _builder_version=&#8220;3.18.7&#8243;] Fabienne St\u00e4helinSchulratspr\u00e4sidentinfabienne.staehelin@niederhelfenschwil.ch [\/et_pb_text][\/et_pb_column][et_pb_column type=&#8220;1_2&#8243;][et_pb_image _builder_version=&#8220;3.18.7&#8243; src=&#8220;http:\/\/www.psnlz.ch\/wp-content\/uploads\/2023\/05\/Fabienne-Staehelin-scaled.jpg&#8220; max_width=&#8220;50%&#8220; \/][\/et_pb_column][\/et_pb_row][et_pb_row _builder_version=&#8220;3.18.7&#8243; background_color=&#8220;#ffffff&#8220; custom_padding=&#8220;|20px||20px&#8220;][et_pb_column type=&#8220;1_2&#8243;][et_pb_text admin_label=&#8220;Simon Hofacher&#8220; _builder_version=&#8220;3.18.7&#8243; background_color=&#8220;#ffffff&#8220; saved_tabs=&#8220;all&#8220; text_text_color=&#8220;#000000&#8243;] Simon [&hellip;]<\/p>\n","protected":false},"author":1,"featured_media":0,"parent":0,"menu_order":0,"comment_status":"closed","ping_status":"closed","template":"","meta":{"_et_pb_use_builder":"on","_et_pb_old_content":"","footnotes":""},"class_list":["post-1353","page","type-page","status-publish","hentry"],"_links":{"self":[{"href":"https:\/\/www.psnlz.ch\/index.php\/wp-json\/wp\/v2\/pages\/1353","targetHints":{"allow":["GET"]}}],"collection":[{"href":"https:\/\/www.psnlz.ch\/index.php\/wp-json\/wp\/v2\/pages"}],"about":[{"href":"https:\/\/www.psnlz.ch\/index.php\/wp-json\/wp\/v2\/types\/page"}],"author":[{"embeddable":true,"href":"https:\/\/www.psnlz.ch\/index.php\/wp-json\/wp\/v2\/users\/1"}],"replies":[{"embeddable":true,"href":"https:\/\/www.psnlz.ch\/index.php\/wp-json\/wp\/v2\/comments?post=1353"}],"version-history":[{"count":81,"href":"https:\/\/www.psnlz.ch\/index.php\/wp-json\/wp\/v2\/pages\/1353\/revisions"}],"predecessor-version":[{"id":8012,"href":"https:\/\/www.psnlz.ch\/index.php\/wp-json\/wp\/v2\/pages\/1353\/revisions\/8012"}],"wp:attachment":[{"href":"https:\/\/www.psnlz.ch\/index.php\/wp-json\/wp\/v2\/media?parent=1353"}],"curies":[{"name":"wp","href":"https:\/\/api.w.org\/{rel}","templated":true}]}}