{"id":1726,"date":"2026-03-31T12:55:53","date_gmt":"2026-03-31T10:55:53","guid":{"rendered":"http:\/\/www.psnlz.ch\/?page_id=1726"},"modified":"2026-03-31T12:52:34","modified_gmt":"2026-03-31T10:52:34","slug":"downloads","status":"publish","type":"page","link":"https:\/\/www.psnlz.ch\/index.php\/downloads\/","title":{"rendered":"Downloads"},"content":{"rendered":"<p>[et_pb_section bb_built=&#8220;1&#8243; _builder_version=&#8220;3.18.7&#8243; background_image=&#8220;http:\/\/www.psnlz.ch\/wp-content\/uploads\/2019\/05\/psnlz_BG_2000.jpg&#8220; background_size=&#8220;initial&#8220; background_position=&#8220;top_left&#8220; background_repeat=&#8220;repeat&#8220;][et_pb_row custom_padding=&#8220;|20px||20px&#8220; custom_margin=&#8220;30px|||&#8220; _builder_version=&#8220;3.18.7&#8243; background_color=&#8220;#93ab14&#8243; border_radii=&#8220;|10px|10px|0px|0px&#8220;][et_pb_column type=&#8220;4_4&#8243;][et_pb_text admin_label=&#8220;Downloads&#8220; _builder_version=&#8220;3.18.7&#8243; text_font=&#8220;|700|||||||&#8220; text_text_color=&#8220;#000000&#8243; header_font=&#8220;|700|||||||&#8220; header_text_color=&#8220;#000000&#8243;]<\/p>\n<h1>Downloads<\/h1>\n<p>[\/et_pb_text][\/et_pb_column][\/et_pb_row][et_pb_row custom_padding=&#8220;|20px||20px&#8220; _builder_version=&#8220;3.18.7&#8243; background_color=&#8220;#ffffff&#8220;][et_pb_column type=&#8220;1_2&#8243;][et_pb_text _builder_version=&#8220;3.18.7&#8243;]<\/p>\n<p><strong>Reglemente<\/strong><br \/><a href=\"http:\/\/www.psnlz.ch\/wp-content\/uploads\/2023\/03\/Schulordnung.pdf\" target=\"_blank\" rel=\"noopener\">Schulordnung Niederhelfenschwil<\/a><br \/><a href=\"https:\/\/publikationen.sg.ch\/gesetzessammlungen\/?&amp;filter%5bauthority%5d%5b10,i81,107%5d=10,i81,107\" target=\"_blank\" rel=\"noopener\">rechtskr\u00e4ftige Reglemente der Gemeinde Niederhelfenschwil<\/a><\/p>\n<p><strong>Ferien<br \/><\/strong><a href=\"http:\/\/www.psnlz.ch\/wp-content\/uploads\/2026\/03\/Ferienplan-Gemeinde-NHS-2025-2029.pdf\">Ferienplan Gemeinde NHS 2025-2029<\/a><strong><br \/><\/strong><a href=\"http:\/\/www.psnlz.ch\/wp-content\/uploads\/2022\/12\/Urlaubs-und-Absenzenregelung-PSNLZ.pdf\" target=\"_blank\" rel=\"noopener\">Urlaubs- und Absenzenregelung PSNLZ<\/a><\/p>\n<p><strong>Unterst\u00fctzungsangebote<\/strong><br \/><a href=\"http:\/\/www.psnlz.ch\/wp-content\/uploads\/2019\/06\/Flyer-SSA.pdf\">Schulsozialarbeit SSA Flyer<\/a><br \/><a href=\"http:\/\/www.psnlz.ch\/wp-content\/uploads\/2019\/06\/Familienberatung.pdf\">Familienberatung<\/a><\/p>\n<p><strong>Tagesstruktur<br \/><\/strong><a href=\"http:\/\/www.psnlz.ch\/wp-content\/uploads\/2026\/03\/Reglement-Tagesstruktur.pdf\">Reglement Tagesstruktur<\/a><br \/><a href=\"http:\/\/www.psnlz.ch\/wp-content\/uploads\/2026\/03\/Gebuehrentarif-Tagesstruktur.pdf\">Geb\u00fchrentarif Tagesstruktur<\/a><br \/><a href=\"http:\/\/www.psnlz.ch\/wp-content\/uploads\/2026\/03\/Paedagogisches-Konzept-Tagesstruktur.pdf\">P\u00e4dagogisches Konzept Tagesstruktur<\/a><strong><br \/><\/strong><\/p>\n<p><strong>Schulpsychologischer Dienst<br \/><\/strong><a href=\"https:\/\/www.schulpsychologie-sg.ch\/4-th-liste-them.html\">Liste Flyer \/ Publikationen<\/a><br \/><a href=\"http:\/\/www.psnlz.ch\/wp-content\/uploads\/2019\/09\/Hausaufgaben-SPD.pdf\">Hausaufgaben<\/a><br \/><a href=\"https:\/\/www.schulpsychologie-sg.ch\/4-th-merkbl.html\">Erziehung &#8211; Rezepte mit erw\u00fcnschten Nebenwirkungen<\/a><br \/>(Merkbl\u00e4tter in verschiedenen Sprachen)<\/p>\n<p><strong>Vorbereitung auf den Kindergarten<\/strong><br \/><a href=\"http:\/\/www.psnlz.ch\/wp-content\/uploads\/2026\/03\/Kiga_Verschiebung_Antragsformular.pdf\">Kiga_Verschiebung_Antragsformular<\/a><br \/><a href=\"http:\/\/www.psnlz.ch\/wp-content\/uploads\/2022\/03\/17.02.2022_148x210_A5_16S_Juhui-bald-do\u0308rf-ich-in-chindi_GzD_1.pdf\" target=\"_blank\" rel=\"noopener noreferrer\">Brosch\u00fcre _ Juhui, bald do\u0308rf ich in Chindi<\/a><br \/><a href=\"http:\/\/www.psnlz.ch\/wp-content\/uploads\/2022\/03\/17.02.2022_Elternzeitung_A3_Flyer_deutsch.pdf\" target=\"_blank\" rel=\"noopener noreferrer\">Plakat _ Juhui bald d\u00f6rf ich in Chindi<\/a><\/p>\n<p><strong>Unterricht<\/strong><br \/><a href=\"http:\/\/www.psnlz.ch\/wp-content\/uploads\/2024\/09\/lokales-Foerderkonzept.pdf\">lokales F\u00f6rderkonzept<\/a><strong><br \/><\/strong><a href=\"http:\/\/www.psnlz.ch\/wp-content\/uploads\/2023\/08\/Lernstrategien-und-kooperative-Lernformen.pdf\" target=\"_blank\" rel=\"noopener\">Lernstrategien und kooperative Lernformen<\/a><br \/><a href=\"http:\/\/www.psnlz.ch\/wp-content\/uploads\/2023\/08\/Churer-Modell.pdf\" target=\"_blank\" rel=\"noopener\">Churer Modell<\/a><br \/><a href=\"http:\/\/www.psnlz.ch\/wp-content\/uploads\/2023\/08\/Bibliothek.pdf\" target=\"_blank\" rel=\"noopener\">Informationen zur Bibliothek<\/a><br \/><a href=\"http:\/\/www.psnlz.ch\/wp-content\/uploads\/2023\/09\/Vorstellung-MGS.pdf\" target=\"_blank\" rel=\"noopener\">Vorstellung Musikalische Grundschule<\/a><strong><br \/><\/strong><\/p>\n<p>\u00a0<\/p>\n<p>[\/et_pb_text][\/et_pb_column][et_pb_column type=&#8220;1_2&#8243;][et_pb_text _builder_version=&#8220;3.18.7&#8243;]<\/p>\n<p><strong>Regelungen\u00a0<\/strong><br \/><a href=\"http:\/\/www.psnlz.ch\/wp-content\/uploads\/2019\/08\/2018_HausaufgabenKonzept_Eltern.pdf\">Hausaufgaben-Konzept<\/a><br \/><a href=\"http:\/\/www.psnlz.ch\/wp-content\/uploads\/2023\/09\/2.3.1-Schulhausordnung.pdf\" target=\"_blank\" rel=\"noopener\">Schulhausordnung PSNLZ<\/a><\/p>\n<p><strong>Schulweg<br \/><\/strong><a href=\"http:\/\/www.psnlz.ch\/wp-content\/uploads\/2021\/09\/2021_Elternbrief_Leuchtwesten.pdf\">Elternbrief Leuchtwesten<\/a><br \/><a href=\"http:\/\/www.psnlz.ch\/wp-content\/uploads\/2019\/08\/2019_10TippsfuereinensicherenSchulweg.pdf\">10 Tipps fuer einen sicheren Schulweg<\/a><br \/><a href=\"http:\/\/www.psnlz.ch\/wp-content\/uploads\/2019\/08\/2019_IhrKindalleineunterwegs.pdf\">Ihr Kind alleine unterwegs<\/a><\/p>\n<p><strong>Umgang mit Medien<br \/><\/strong><a href=\"http:\/\/www.psnlz.ch\/wp-content\/uploads\/2024\/09\/Information-zur-Veroeffentlichung-von-Fotoaufnahmen-PSNLZ.pdf\">Information zur Ver\u00f6ffentlichung von Fotoaufnahmen PSNLZ<\/a><br \/><a href=\"http:\/\/www.psnlz.ch\/wp-content\/uploads\/2020\/08\/Handreichung_Datenschutz_und_Informationssicherheit_Dez19.pdf\">Handreichung Datenschutz und Informationssicherheit<\/a><\/p>\n<p><strong>Gesundheit<br \/><\/strong><a href=\"http:\/\/www.psnlz.ch\/wp-content\/uploads\/2024\/09\/Elterninformation-Schulzahnarzt.pdf\" target=\"_blank\" rel=\"noopener\">Elterninformation Schulzahnarzt<\/a><strong><br \/><\/strong><a href=\"http:\/\/www.psnlz.ch\/wp-content\/uploads\/2019\/08\/2019_Schulausschluss.pdf\">Krankheiten mit oder ohne Ausschluss<\/a><br \/><a href=\"http:\/\/www.psnlz.ch\/wp-content\/uploads\/2022\/09\/Merkblatt_Kopflaeuse.pdf\" target=\"_blank\" rel=\"noopener\">Merkblatt Kopfl\u00e4use<\/a><\/p>\n<p><strong>Kanton St.Gallen &#8211; Amt f\u00fcr Volksschule<\/strong><br \/><a href=\"http:\/\/www.psnlz.ch\/wp-content\/uploads\/2019\/04\/Das_St_Galler_Schulsystem.pdf\">Das St.Galler Schulsystem<\/a><br \/><a href=\"http:\/\/www.psnlz.ch\/wp-content\/uploads\/2019\/09\/Vor-der-Schule.pdf\">Vor der Schule<\/a><br \/><a href=\"http:\/\/www.psnlz.ch\/wp-content\/uploads\/2019\/09\/Kindergarten.pdf\">Kindergarten<\/a><br \/><a href=\"http:\/\/www.psnlz.ch\/wp-content\/uploads\/2019\/09\/Rund-um-den-Unterricht.pdf\">Rund um den Unterricht<\/a><br \/><a href=\"http:\/\/www.psnlz.ch\/wp-content\/uploads\/2019\/09\/Beurteilung-und-Schullaufbahn.pdf\">Beurteilung und Schullaufbahn<\/a><br \/><a href=\"http:\/\/www.psnlz.ch\/wp-content\/uploads\/2019\/09\/Individuelle-F\u00f6rderung.pdf\">Individuelle F\u00f6rderung<\/a><br \/><a href=\"http:\/\/www.psnlz.ch\/wp-content\/uploads\/2019\/09\/Fremdsprachen-lernen.pdf\">Fremdsprachen lernen<\/a><br \/><a href=\"http:\/\/www.psnlz.ch\/wp-content\/uploads\/2019\/09\/Zusammenarbeit.pdf\">Zusammenarbeit<\/a><br \/><a href=\"http:\/\/www.psnlz.ch\/wp-content\/uploads\/2019\/09\/Unterst\u00fctzungs-und-Beratungsangebote.pdf\">Unterst\u00fctzungs- und Beratungsangebote<\/a><br \/><a href=\"http:\/\/www.psnlz.ch\/wp-content\/uploads\/2020\/03\/Elternflyer_Rechte_und_Pflichten.pdf\">Rechte und Pflichten<\/a><\/p>\n<p>[\/et_pb_text][\/et_pb_column][\/et_pb_row][et_pb_row custom_padding=&#8220;|20px||20px&#8220; custom_margin=&#8220;30px|||&#8220; _builder_version=&#8220;3.18.7&#8243; background_color=&#8220;#93ab14&#8243; border_radii=&#8220;|10px|10px|0px|0px&#8220;][et_pb_column type=&#8220;4_4&#8243;][et_pb_text admin_label=&#8220;Schulraumentwicklung&#8220; _builder_version=&#8220;3.18.7&#8243; text_font=&#8220;|700|||||||&#8220; text_text_color=&#8220;#000000&#8243; header_font=&#8220;|700|||||||&#8220; header_text_color=&#8220;#000000&#8243;]<\/p>\n<h1>Schulraumentwicklung<\/h1>\n<p>[\/et_pb_text][\/et_pb_column][\/et_pb_row][et_pb_row custom_padding=&#8220;|20px||20px&#8220; _builder_version=&#8220;3.18.7&#8243; background_color=&#8220;#ffffff&#8220;][et_pb_column type=&#8220;1_4&#8243;][et_pb_text admin_label=&#8220;2024&#8243; _builder_version=&#8220;3.18.7&#8243;]<\/p>\n<p><strong>2024<br \/><\/strong><a href=\"http:\/\/www.psnlz.ch\/wp-content\/uploads\/2024\/12\/Extrablatt_Nr6_Schulraumentwicklung-final.pdf\" target=\"_blank\" rel=\"noopener\">Extrablatt Schulraumentwicklung 6<\/a><strong><br \/><\/strong><\/p>\n<p>[\/et_pb_text][\/et_pb_column][et_pb_column type=&#8220;1_4&#8243;][et_pb_text admin_label=&#8220;2023&#8243; _builder_version=&#8220;3.18.7&#8243;]<\/p>\n<p><strong>2023<br \/><\/strong><a href=\"http:\/\/www.psnlz.ch\/wp-content\/uploads\/2024\/07\/Extrablatt_5-Schulraumentwicklung_web.pdf\" target=\"_blank\" rel=\"noopener\">Extrablatt Schulraumentwicklung 5<\/a><br \/><a href=\"http:\/\/www.psnlz.ch\/wp-content\/uploads\/2023\/05\/Extrablatt_4-Schulraumentwicklung_web.pdf\" target=\"_blank\" rel=\"noopener\">Extrablatt Schulraumentwicklung 4<\/a><\/p>\n<p>[\/et_pb_text][\/et_pb_column][et_pb_column type=&#8220;1_4&#8243;][et_pb_text admin_label=&#8220;2022&#8243; _builder_version=&#8220;3.18.7&#8243;]<\/p>\n<p><strong>2022<br \/><\/strong><a href=\"http:\/\/www.psnlz.ch\/wp-content\/uploads\/2022\/11\/Extrablatt_3-Schulraumentwicklung-v04_web_einzel.pdf\" target=\"_blank\" rel=\"noopener\">Extrablatt Schulraumentwicklung 3<\/a><strong><br \/><\/strong><a href=\"http:\/\/www.psnlz.ch\/wp-content\/uploads\/2022\/09\/Extrablatt-Schulraumentwicklung-v05_web_einzel.pdf\" target=\"_blank\" rel=\"noopener\">Extrablatt Schulraumentwicklung 2<\/a><br \/><a href=\"http:\/\/www.psnlz.ch\/wp-content\/uploads\/2022\/09\/Extrablatt-Schulraumplanung-v12-Doppelseiten.pdf\">Extrablatt Schulraumentwicklung 1<\/a><\/p>\n<p>[\/et_pb_text][\/et_pb_column][et_pb_column type=&#8220;1_4&#8243;][\/et_pb_column][\/et_pb_row][et_pb_row custom_padding=&#8220;|20px||20px&#8220; custom_margin=&#8220;30px|||&#8220; _builder_version=&#8220;3.18.7&#8243; background_color=&#8220;#93ab14&#8243; border_radii=&#8220;|10px|10px|0px|0px&#8220;][et_pb_column type=&#8220;4_4&#8243;][et_pb_text admin_label=&#8220;Einmaleins&#8220; _builder_version=&#8220;3.18.7&#8243; text_font=&#8220;|700|||||||&#8220; text_text_color=&#8220;#000000&#8243; header_font=&#8220;|700|||||||&#8220; header_text_color=&#8220;#000000&#8243;]<\/p>\n<h1>Einmaleins<\/h1>\n<p>[\/et_pb_text][\/et_pb_column][\/et_pb_row][et_pb_row custom_padding=&#8220;|20px||20px&#8220; _builder_version=&#8220;3.18.7&#8243; background_color=&#8220;#ffffff&#8220;][et_pb_column type=&#8220;1_4&#8243;][et_pb_text admin_label=&#8220;2026&#8243; _builder_version=&#8220;3.18.7&#8243;]<\/p>\n<p><strong>2026<\/strong><br \/><a href=\"http:\/\/www.psnlz.ch\/wp-content\/uploads\/2026\/03\/Ausgabe-1-2026.pdf\">Ausgabe 1-2026<\/a><\/p>\n<p>[\/et_pb_text][et_pb_text admin_label=&#8220;2025&#8243; _builder_version=&#8220;3.18.7&#8243;]<\/p>\n<p><strong>2025<\/strong><br \/><a href=\"http:\/\/www.psnlz.ch\/wp-content\/uploads\/2025\/06\/Einmaleins_1-25_Web-Juni.pdf\" target=\"_blank\" rel=\"noopener\">Ausgabe 2-2025<\/a><br \/><a href=\"http:\/\/www.psnlz.ch\/wp-content\/uploads\/2025\/03\/Einmaleins_1-25_Web.pdf\" target=\"_blank\" rel=\"noopener\">Ausgabe 1-2025<\/a><\/p>\n<p>[\/et_pb_text][et_pb_text admin_label=&#8220;2021&#8243; _builder_version=&#8220;3.18.7&#8243;]<\/p>\n<p><strong>2021<br \/><\/strong><a href=\"http:\/\/www.psnlz.ch\/wp-content\/uploads\/2021\/11\/Einmaleins_3-21_Web.pdf\" target=\"_blank\" rel=\"noopener noreferrer\">Ausgabe 3 &#8211; 2021<\/a><br \/><a href=\"http:\/\/www.psnlz.ch\/wp-content\/uploads\/2021\/06\/Einmaleins_2-21_Web.pdf\">Ausgabe 2 &#8211; 2021<\/a><strong><br \/><\/strong><a href=\"http:\/\/www.psnlz.ch\/wp-content\/uploads\/2021\/03\/Einmaleins_1-21_Web.pdf\">Ausgabe 1 &#8211; 2021<\/a><\/p>\n<p>[\/et_pb_text][\/et_pb_column][et_pb_column type=&#8220;1_4&#8243;][et_pb_text admin_label=&#8220;2024&#8243; _builder_version=&#8220;3.18.7&#8243;]<\/p>\n<p><strong>2024<\/strong><br \/><a href=\"http:\/\/www.psnlz.ch\/wp-content\/uploads\/2024\/06\/Einmaleins_1-24_Web.pdf\" target=\"_blank\" rel=\"noopener\">Ausgabe 1 &#8211; 2024<\/a><\/p>\n<p>[\/et_pb_text][et_pb_text admin_label=&#8220;2020&#8243; _builder_version=&#8220;3.18.7&#8243;]<\/p>\n<p><strong>2020<br \/><\/strong><a href=\"http:\/\/www.psnlz.ch\/wp-content\/uploads\/2020\/10\/Einmaleins_3-20.pdf\">Ausgabe 3 &#8211; 2020<\/a><br \/><a href=\"http:\/\/www.psnlz.ch\/wp-content\/uploads\/2020\/06\/Einmaleins_2-20.pdf\">Ausgabe 2 &#8211; 2020<\/a><br \/><a href=\"http:\/\/www.psnlz.ch\/wp-content\/uploads\/2020\/03\/Einmaleins_1-20_Web-1.pdf\">Ausgabe 1 &#8211; 2020<\/a><\/p>\n<p>[\/et_pb_text][\/et_pb_column][et_pb_column type=&#8220;1_4&#8243;][et_pb_text admin_label=&#8220;2023&#8243; _builder_version=&#8220;3.18.7&#8243;]<\/p>\n<p><strong>2023<br \/><\/strong><a href=\"http:\/\/www.psnlz.ch\/wp-content\/uploads\/2023\/11\/Einmaleins_3-23_Web.pdf\" target=\"_blank\" rel=\"noopener\">Ausgabe 3 &#8211; 2023<\/a><br \/><a href=\"http:\/\/www.psnlz.ch\/wp-content\/uploads\/2023\/07\/Einmaleins_2-23_Web.pdf\" target=\"_blank\" rel=\"noopener\">Ausgabe 2 &#8211; 2023<\/a><br \/><a href=\"http:\/\/www.psnlz.ch\/wp-content\/uploads\/2023\/03\/Einmaleins_1-23_Web.pdf\" target=\"_blank\" rel=\"noopener\">Ausgabe 1 &#8211; 2023<\/a><strong><br \/><\/strong><\/p>\n<p>[\/et_pb_text][et_pb_text admin_label=&#8220;2019&#8243; _builder_version=&#8220;3.18.7&#8243; text_text_color=&#8220;#000000&#8243; background_color=&#8220;#ffffff&#8220; saved_tabs=&#8220;all&#8220;]<\/p>\n<p><strong>2019<\/strong><br \/><a href=\"http:\/\/www.psnlz.ch\/wp-content\/uploads\/2019\/01\/2018_2_Einmaleins.pdf\" target=\"_blank\" rel=\"noopener noreferrer\">Ausgabe 1 &#8211; 2019<\/a><br \/><a href=\"http:\/\/www.psnlz.ch\/wp-content\/uploads\/2019\/07\/Einmaleins_2-19_GzD.pdf\">Ausgabe 2 &#8211; 2019<\/a><br \/><a href=\"http:\/\/www.psnlz.ch\/wp-content\/uploads\/2019\/10\/Einmaleins_3-19.pdf\">Ausgabe 3 &#8211; 2019<\/a><\/p>\n<p>[\/et_pb_text][\/et_pb_column][et_pb_column type=&#8220;1_4&#8243;][et_pb_text admin_label=&#8220;2022&#8243; _builder_version=&#8220;3.18.7&#8243;]<\/p>\n<p><strong>2022<br \/><\/strong><a href=\"http:\/\/www.psnlz.ch\/wp-content\/uploads\/2022\/11\/Einmaleins_3-22_Web.pdf\" target=\"_blank\" rel=\"noopener\">Ausgabe 3 &#8211; 2022<\/a><strong><br \/><\/strong><a href=\"http:\/\/www.psnlz.ch\/wp-content\/uploads\/2022\/06\/Einmaleins_2-22_Web_NEU.pdf\" target=\"_blank\" rel=\"noopener noreferrer\">Ausgabe 2 &#8211; 2022<\/a><br \/><a href=\"http:\/\/www.psnlz.ch\/wp-content\/uploads\/2022\/03\/Einmaleins_1-22.pdf\" target=\"_blank\" rel=\"noopener noreferrer\">Ausgabe 1 &#8211; 2022<\/a><\/p>\n<p>[\/et_pb_text][et_pb_text admin_label=&#8220;2018&#8243; _builder_version=&#8220;3.18.7&#8243;]<\/p>\n<p><strong>2018<br \/><\/strong><a href=\"http:\/\/www.psnlz.ch\/wp-content\/uploads\/2019\/01\/2018_1_Einmaleins.pdf\">Ausgabe 1 &#8211; 2018<\/a><br \/><a href=\"http:\/\/www.psnlz.ch\/wp-content\/uploads\/2019\/01\/2018_2_Einmaleins.pdf\">Ausgabe 2 &#8211; 2018<\/a><\/p>\n<p>[\/et_pb_text][\/et_pb_column][\/et_pb_row][\/et_pb_section]<\/p>\n","protected":false},"excerpt":{"rendered":"<p>[et_pb_section bb_built=&#8220;1&#8243; _builder_version=&#8220;3.18.7&#8243; background_image=&#8220;http:\/\/www.psnlz.ch\/wp-content\/uploads\/2019\/05\/psnlz_BG_2000.jpg&#8220; background_size=&#8220;initial&#8220; background_position=&#8220;top_left&#8220; background_repeat=&#8220;repeat&#8220;][et_pb_row custom_padding=&#8220;|20px||20px&#8220; custom_margin=&#8220;30px|||&#8220; _builder_version=&#8220;3.18.7&#8243; background_color=&#8220;#93ab14&#8243; border_radii=&#8220;|10px|10px|0px|0px&#8220;][et_pb_column type=&#8220;4_4&#8243;][et_pb_text admin_label=&#8220;Downloads&#8220; _builder_version=&#8220;3.18.7&#8243; text_font=&#8220;|700|||||||&#8220; text_text_color=&#8220;#000000&#8243; header_font=&#8220;|700|||||||&#8220; header_text_color=&#8220;#000000&#8243;] Downloads [\/et_pb_text][\/et_pb_column][\/et_pb_row][et_pb_row custom_padding=&#8220;|20px||20px&#8220; _builder_version=&#8220;3.18.7&#8243; background_color=&#8220;#ffffff&#8220;][et_pb_column type=&#8220;1_2&#8243;][et_pb_text _builder_version=&#8220;3.18.7&#8243;] ReglementeSchulordnung Niederhelfenschwilrechtskr\u00e4ftige Reglemente der Gemeinde Niederhelfenschwil FerienFerienplan Gemeinde NHS 2025-2029Urlaubs- und Absenzenregelung PSNLZ Unterst\u00fctzungsangeboteSchulsozialarbeit SSA FlyerFamilienberatung TagesstrukturReglement TagesstrukturGeb\u00fchrentarif TagesstrukturP\u00e4dagogisches Konzept Tagesstruktur Schulpsychologischer DienstListe Flyer \/ PublikationenHausaufgabenErziehung &#8211; Rezepte mit [&hellip;]<\/p>\n","protected":false},"author":1,"featured_media":0,"parent":0,"menu_order":0,"comment_status":"closed","ping_status":"closed","template":"","meta":{"_et_pb_use_builder":"on","_et_pb_old_content":"","footnotes":""},"class_list":["post-1726","page","type-page","status-publish","hentry"],"_links":{"self":[{"href":"https:\/\/www.psnlz.ch\/index.php\/wp-json\/wp\/v2\/pages\/1726","targetHints":{"allow":["GET"]}}],"collection":[{"href":"https:\/\/www.psnlz.ch\/index.php\/wp-json\/wp\/v2\/pages"}],"about":[{"href":"https:\/\/www.psnlz.ch\/index.php\/wp-json\/wp\/v2\/types\/page"}],"author":[{"embeddable":true,"href":"https:\/\/www.psnlz.ch\/index.php\/wp-json\/wp\/v2\/users\/1"}],"replies":[{"embeddable":true,"href":"https:\/\/www.psnlz.ch\/index.php\/wp-json\/wp\/v2\/comments?post=1726"}],"version-history":[{"count":186,"href":"https:\/\/www.psnlz.ch\/index.php\/wp-json\/wp\/v2\/pages\/1726\/revisions"}],"predecessor-version":[{"id":8151,"href":"https:\/\/www.psnlz.ch\/index.php\/wp-json\/wp\/v2\/pages\/1726\/revisions\/8151"}],"wp:attachment":[{"href":"https:\/\/www.psnlz.ch\/index.php\/wp-json\/wp\/v2\/media?parent=1726"}],"curies":[{"name":"wp","href":"https:\/\/api.w.org\/{rel}","templated":true}]}}